{"id":25656,"date":"2020-06-13T13:40:09","date_gmt":"2020-06-13T12:40:09","guid":{"rendered":"http:\/\/azahar-sevilla.com\/sevilletapas\/?page_id=25656"},"modified":"2024-09-07T18:49:39","modified_gmt":"2024-09-07T17:49:39","slug":"death-of-the-tapeo","status":"publish","type":"page","link":"https:\/\/azahar-sevilla.com\/sevilletapas\/bread-service-charges\/death-of-the-tapeo\/","title":{"rendered":"Death of the Tapeo"},"content":{"rendered":"<p><strong>An Open Letter to Tapas Bar Owners in Sevilla<\/strong><br \/>\n<em>[para la traducci\u00f3n en espa\u00f1ol <a href=\"http:\/\/azahar-sevilla.com\/death-of-the-tapeo\/#more-6472\" target=\"_blank\" rel=\"noopener noreferrer\">pinchar aqu\u00ed<\/a>]<\/em><\/p>\n<p style=\"text-align: justify;\">Two years ago I wrote about the increasing number of tapas bars in Sevilla <a href=\"http:\/\/azahar-sevilla.com\/bread-dough\/\" target=\"_blank\" rel=\"noopener noreferrer\">charging for bread and service<\/a>, a previously unheard of practice that started off in a small way with some bars charging, say 50 cents a basket, but that has now grown to the point where we find a few bars charging up to 2\u20ac PER PERSON.<\/p>\n<p style=\"text-align: justify;\">I&#8217;m not singling out any individual bars or restaurants here (I reckon you know who you are) so I&#8217;m not going to name names, either to praise or shame. But I do feel it&#8217;s time you gave this some thought and tried to understand the damage you are doing, both to the splendid tradition of the <em>tapeo<\/em> and to your own reputations. Because I actually love some of your bars, and your fab tapas, but enough is enough already.<\/p>\n<p>The main arguments I keep hearing from you and your staff are:<\/p>\n<ol>\n<li>Everybody else is doing it.<\/li>\n<li>People pay more in other countries via taxes and tips.<\/li>\n<li>Why should we give food away?<\/li>\n<li>You&#8217;re the only one who ever complains, Shawn.<\/li>\n<\/ol>\n<p style=\"text-align: justify;\">First of all, everybody else isn&#8217;t doing it. Not even close. The main culprits tend to be the new gastrobars, probably just like yours, especially those located in tourist areas. And hey, why not? By charging every person who walks into your bar an extra euro &#8211; for absolutely nothing! &#8211; you can probably pay one person&#8217;s salary. But let&#8217;s be honest here, if you can&#8217;t operate at enough of a profit to pay your staff properly then maybe you&#8217;re in the wrong business. Charging what amounts to an admission fee is so wrong that I can&#8217;t believe it&#8217;s been allowed to go on for so long. Yes, we all know that times are tough, but they are just as tough for your customers. Some of you say that many of your customers are tourists so it doesn&#8217;t matter, which also says to me that you probably don&#8217;t belong in the &#8220;hospitality&#8221; biz.<\/p>\n<p style=\"text-align: justify;\"><a href=\"https:\/\/i0.wp.com\/azahar-sevilla.com\/wp-content\/uploads\/2014\/02\/un-placer.jpg\"><img data-recalc-dims=\"1\" loading=\"lazy\" decoding=\"async\" class=\"aligncenter size-full wp-image-6496\" src=\"https:\/\/i0.wp.com\/azahar-sevilla.com\/wp-content\/uploads\/2014\/02\/un-placer.jpg?resize=640%2C385\" alt=\"un placer\" width=\"640\" height=\"385\" \/><\/a><\/p>\n<p style=\"text-align: center;\"><em>example of a tapas bar that cares about its customers<\/em><\/p>\n<p style=\"text-align: justify;\">As for the second argument&#8230; what? What has that got to do with anything? We live and work in Spain. As do the majority of your customers. FYI, just a couple of examples here. In the UK the service charge is given to the staff and is not obligatory, and everybody there knows this. In the US and Canada tipping is the norm but is also not obligatory. If you don&#8217;t like the food or service, you don&#8217;t tip. Simple. But you also get coffee and soft drink refills, baskets of bread\/nachos\/ muffins, all included in the price. You don&#8217;t get charged just for walking into a place and sitting down. Perhaps this happens in other countries, but as already pointed out, we are not other countries. And in this country, especially in Sevilla, <em>el tapeo<\/em> is a cherished custom that you are threatening to wipe out. Imagine going out with 4-5 of your friends and being charged 1\u20ac per person at every stop&#8230; at the end of the evening you will have paid an extra 20-30 euros. For absolutely nothing. So of course people will be forced to stop moving from bar to bar in order to save money, and this very charming element of daily life in Sevilla will die away.<\/p>\n<p style=\"text-align: justify;\">Then there is the mistaken idea that you are somehow giving anything away. Nobody is asking you to give food away for nothing. But when you put food on a table as soon as customers sit down, it later looks very tacky when you charge for it, meaning it makes you look bad. It really does. Since I&#8217;ve heard most of you say &#8220;Do you have any idea how much bread and olives cost us every month, Shawn?&#8221; I&#8217;m guessing that you know exactly how much, making this a fixed cost (like rent and electricity) and something that could easily be factored into your food and drink prices. If you feel you want to charge for bread and olives, fair enough. But they should be clearly listed on the menu and you should wait for people to order them.<\/p>\n<p style=\"text-align: justify;\"><a href=\"https:\/\/i0.wp.com\/azahar-sevilla.com\/wp-content\/uploads\/2014\/02\/bread.jpg\"><img data-recalc-dims=\"1\" loading=\"lazy\" decoding=\"async\" class=\"aligncenter size-full wp-image-6492\" src=\"https:\/\/i0.wp.com\/azahar-sevilla.com\/wp-content\/uploads\/2014\/02\/bread.jpg?resize=640%2C384\" alt=\"bread\" width=\"640\" height=\"384\" \/><\/a><\/p>\n<p style=\"text-align: center;\"><em>can you believe I was charged 3 euros for THIS<\/em><\/p>\n<p style=\"text-align: justify;\">Finally, I am far from the only person complaining about this. I hear complaints all the time, including from other bar and restaurant owners. Heck, even some of your own staff and management are embarrassed by this, but they need their jobs so of course aren&#8217;t going to say anything. I am aware that I may be the only one who will say something to your face, but I can&#8217;t even begin to count the number of visiting friends and tapas tour clients who have been surprised and put off after finding an extra charge on their bill. I&#8217;m often asked if the &#8220;service&#8221; is a tip that goes to the wait staff. No it is not, I tell them, it goes directly into your pocket. I&#8217;m also asked WHY bars in Sevilla do this and my only honest answer is that certain owners have hit on a way to make extra money for nothing and seem to think nobody minds. But people do mind. They mind a lot. Scrupulous bar owners I&#8217;ve spoken to also hate this practice and feel it is giving tapas bars in Sevilla a bad name. But do they complain when they go out and this happens to them? No, they do what most people do. Feel upset and taken advantage of and then don&#8217;t go back. Why? Because nobody likes making a fuss or getting into an argument at the end of a meal or tapas stop. Easier just to pay up and leave. And you know this.<\/p>\n<p style=\"text-align: justify;\">Sometimes friends have said to me &#8220;well, I&#8217;m a regular at such-and-such so they don&#8217;t charge me&#8221;, as if that makes it okay. The truth is that NOBODY has to pay for bread they haven&#8217;t ordered, and especially not this atrocious per person service charge. But again, nobody wants to make a fuss. And of course visitors have no idea they aren&#8217;t obliged to pay. Even if they did, most don&#8217;t have enough Spanish to argue with their server. But it leaves them with a bad feeling after what was an otherwise pleasant experience, which reflects on you.<\/p>\n<p><a href=\"https:\/\/i0.wp.com\/azahar-sevilla.com\/wp-content\/uploads\/2014\/02\/servicio-pan.jpg\"><img data-recalc-dims=\"1\" loading=\"lazy\" decoding=\"async\" class=\"aligncenter size-full wp-image-6497\" src=\"https:\/\/i0.wp.com\/azahar-sevilla.com\/wp-content\/uploads\/2014\/02\/servicio-pan.jpg?resize=795%2C489\" alt=\"servicio pan\" width=\"795\" height=\"489\" \/><\/a><\/p>\n<p style=\"text-align: justify;\">Not to mention that none of this is in compliance with <a href=\"http:\/\/www.consumoteca.com\/turismo-y-viajes\/restauracion\/obligaciones-de-bares-restaurantes-y-cafeterias\/\" target=\"_blank\" rel=\"noopener noreferrer\">Official Rules and Obligations<\/a> which state that bars and restaurants cannot charge for non-food items, specifically cover charges and taking reservations. Nor can they charge for food items that have not been ordered by the customer ie. bread and olives brought to the table.<\/p>\n<p style=\"text-align: justify;\">But legal or not, it is still morally reprehensible to charge people for absolutely nothing. Meaning that if you found that &#8211; somehow &#8211; it <em>was<\/em> legal to charge your customers for just taking a seat in your tapas bar&#8230; why would you do this to them? What is your excuse or reasoning? And why does a <em>guiri<\/em> like me care more about preserving the <em>tapeo<\/em> tradition than you apparently do?<\/p>\n<p style=\"text-align: justify;\">Un abrazo,<br \/>\nShawn<\/p>\n<p style=\"text-align: justify;\"><!--more--><br \/>\n<strong>Carta abierta a propietarios de bares de tapas en Sevilla<\/strong><br \/>\n(traducci\u00f3n en Castellano por <a href=\"https:\/\/twitter.com\/welcometoedu\" target=\"_blank\" rel=\"noopener noreferrer\">Eduardo Blanco<\/a>)<\/p>\n<p style=\"text-align: justify;\">Hace un par de a\u00f1os escrib\u00ed sobre el aumento de bares de tapas en Sevilla que <a href=\"http:\/\/azahar-sevilla.com\/bread-dough\/\" target=\"_blank\" rel=\"noopener noreferrer\">cobraban por el pan y el servicio<\/a>, una pr\u00e1ctica no habitual que comenz\u00f3 t\u00edmidamente con algunos locales que cobraban unos 0,50\u20ac por una cesta de pan, pero que ahora ha aumentado hasta el punto de llegar a cobrar hasta 2\u20ac POR PERSONA.<\/p>\n<p style=\"text-align: justify;\">No voy a centrarme en bares o restaurantes concretos (imagino que sab\u00e9is quienes son) por tanto no voy a dar nombres a fin de dar m\u00e1s o menos publicidad. Pero creo que va siendo hora de que pensarais sobre esto e intentarais entender el da\u00f1o que est\u00e1is haciendo, tanto a la magn\u00edfica tradici\u00f3n del tapeo como a vosotros mismos. Me encantan muchos de vuestros bares y las fabulosas tapas que ofrec\u00e9is, pero ya basta.<\/p>\n<p>Los principales argumentos que escucho de vosotros y de vuestro personal son:<\/p>\n<ol>\n<li>Todos los dem\u00e1s lo hacen<\/li>\n<li>Se paga m\u00e1s en otros pa\u00edses con los impuestos y propinas<\/li>\n<li>\u00bfPor qu\u00e9 tenemos que darlo gratis?<\/li>\n<li>Shawn, eres la \u00fanica que siempre se queja<\/li>\n<\/ol>\n<p style=\"text-align: justify;\">Primero, no todos los dem\u00e1s lo hacen. Los primeros culpables son los recientemente denominados gastrobares, sobre todo los ubicados en las zonas tur\u00edsticas. Ya puestos, \u00bfpor qu\u00e9 no? Al cobrar 1\u20ac a cada persona que entra en vuestro bar\u2026 (\u00a1por nada!) seguramente teng\u00e1is para pagar el sueldo de una persona. Pero seamos sinceros, si eres incapaz de generar beneficio suficiente como para pagar a tus empleados, quiz\u00e1s est\u00e9s en el negocio equivocado. Cobrar por lo que ser\u00eda el equivalente a una \u00a8cuota de acceso\u00a8 es algo tan err\u00f3neo que me cuesta creer que siga permiti\u00e9ndose todav\u00eda. Todos sabemos que estamos en un momento dif\u00edcil, pero tambi\u00e9n es dif\u00edcil para vuestros clientes. Algunos de vosotros dec\u00eds que muchos de vuestros clientes son turistas y que no importa, gran error, lo cual me confirma a\u00fan m\u00e1s que probablemente no pertenezc\u00e1is al sector hostelero ni teng\u00e1is una mentalidad acorde.<\/p>\n<p style=\"text-align: center;\"><img data-recalc-dims=\"1\" loading=\"lazy\" decoding=\"async\" class=\"aligncenter size-full wp-image-6494\" src=\"https:\/\/i0.wp.com\/azahar-sevilla.com\/wp-content\/uploads\/2014\/02\/ha-sido-un-placer.jpg?resize=640%2C428\" alt=\"ha sido un placer\" width=\"640\" height=\"428\" \/><em>un ejemplo de un bar que realmente le importa sus clientes<\/em><\/p>\n<p style=\"text-align: justify;\">En cuanto al segundo argumento\u2026 \u00bfen qu\u00e9 se basa? Vivimos y trabajamos en Espa\u00f1a. Y para vuestra informaci\u00f3n, pongo alg\u00fan ejemplo: En el Reino Unido, el cargo por servicio se le da al personal y no es obligatorio, y todo el mundo es consciente de esto. En Estados Unidos y Canad\u00e1, dar propina es lo m\u00e1s habitual pero tampoco es obligatorio. Si no te gusta la comida o el servicio, no hay propina. As\u00ed de sencillo. Pero sin embargo, s\u00ed que te rellenan el vaso de refresco, te ponen m\u00e1s caf\u00e9, o tambi\u00e9n cestas con nachos, pan\u2026 todo ello incluido en el precio. No te cobran por entrar y sentarte. Quiz\u00e1s ocurra en otros pa\u00edses, pero como ya he dicho, no estamos en otros pa\u00edses. Y en este pa\u00eds, especialmente en Sevilla, el tapeo es una tradici\u00f3n que se cuida y que est\u00e1is amenazando con maltratar. Imaginaos salir con 4-5 amigos y que te cobren 1\u20ac a cada uno en cada bar\u2026 al final de la noche habr\u00e1s pagado unos 20-30\u20ac de m\u00e1s, por absolutamente nada. Y esto puede hacer que la gente prefiera quedarse en un solo bar a fin de ahorrar ese dinero, con lo que el tapeo tradicional de bar en bar, un elemento aut\u00e9ntico en Sevilla, perder\u00e1 parte de su esencia.<\/p>\n<p style=\"text-align: justify;\">Por otra parte, luego est\u00e1 la idea equivocada de que est\u00e1is dando algo gratis. Nadie os pide que lo hag\u00e1is. Pero cuando pon\u00e9is un producto en la mesa en cuanto el cliente se sienta y al final se lo cobr\u00e1is, la imagen que ofrec\u00e9is no es demasiado agradable de cara al cliente. Y os he escuchado multitud de veces decir: \u00a8\u00bfTienes idea de lo que nos cuesta el pan y las aceitunas al mes, Shawn?\u00a8 por supuesto que tiene un coste fijo (igual que la luz, al alquiler\u2026), pero ser\u00eda m\u00e1s f\u00e1cil integrarlo en el coste de vuestra comida y bebida. Si pens\u00e1is que ten\u00e9is que cobrar por el pan y las aceitunas, me parece justo. Pero siempre que est\u00e9 claramente indicado en el men\u00fa y esper\u00e9is que el cliente lo solicite, al igual que con cualquier otro producto.<\/p>\n<p style=\"text-align: center;\"><img data-recalc-dims=\"1\" loading=\"lazy\" decoding=\"async\" class=\"aligncenter size-full wp-image-6492\" src=\"https:\/\/i0.wp.com\/azahar-sevilla.com\/wp-content\/uploads\/2014\/02\/bread.jpg?resize=640%2C384\" alt=\"bread\" width=\"640\" height=\"384\" \/><em>me han cobrado 3\u20ac por esto!<\/em><\/p>\n<p style=\"text-align: justify;\">Finalmente, no soy ni de lejos la \u00fanica persona que se queja sobre esto. Escucho quejas todo el tiempo, incluso de otros hosteleros y propietarios de bares y restaurantes, y hasta de algunos de vuestros empleados, conscientes de que no es lo m\u00e1s justo, pero necesitan su trabajo y obviamente no van a decir nada. Soy consciente de que quiz\u00e1s sea la \u00fanica que os lo diga de forma tan clara y directa, pero empiezo a perder la cuenta de clientes y amigos que me visitan y se sorprenden al encontrar ese cargo extra en su cuenta. Muchos me preguntan si el \u00a8servicio\u00a8 es una propina que luego va para el personal. Les digo que no lo es, que va directamente a vuestro bolsillo. Y tambi\u00e9n me preguntan PORQU\u00c9 los bares en Sevilla hacen esto, y mi respuesta m\u00e1s honesta no es otra que la de que algunos hosteleros han dado con el truco para obtener un ingreso extra a cambio de nada y que piensan que a la gente en realidad le da igual. Pero no es as\u00ed. Algunos propietarios de bares s\u00ed que est\u00e1n claramente en contra de esta pr\u00e1ctica y opinan que mancha el nombre de la ciudad. Pero\u2026 \u00bfse quejan cuando les ocurre a ellos? No, hacen lo que la mayor\u00eda: molestarse como mucho, y quiz\u00e1s no volver a ese local. \u00bfPor qu\u00e9? Pues porque a nadie le gusta empezar a discutir por esto tras un tapeo o comida, es m\u00e1s f\u00e1cil pagar y largarse. Y esto es algo que vosotros, hosteleros, lo sab\u00e9is perfectamente.<\/p>\n<p style=\"text-align: justify;\">A veces, algunos amigos me han dicho cosas como \u00a8suelo ir a menudo a este o aquel sitio y a m\u00ed no me lo cobran\u00a8 como si eso fuera la soluci\u00f3n. La verdad es que NADIE tiene porqu\u00e9 pagar por el pan que no han pedido, y mucho menos si es por persona, una aut\u00e9ntica atrocidad. Pero nadie quiere discutirlo con el local. Y por supuesto, los turistas no saben que tienen que pagarlo, y si lo supieran, la mayor\u00eda obviamente no tiene el dominio suficiente de espa\u00f1ol como para reclamarlo al bar, y a muchos les deja una sensaci\u00f3n de mal gusto, una mala experiencia, que acaba reflej\u00e1ndose en vosotros, los hosteleros.<\/p>\n<p><img data-recalc-dims=\"1\" loading=\"lazy\" decoding=\"async\" class=\"aligncenter size-full wp-image-6497\" src=\"https:\/\/i0.wp.com\/azahar-sevilla.com\/wp-content\/uploads\/2014\/02\/servicio-pan.jpg?resize=795%2C489\" alt=\"servicio pan\" width=\"795\" height=\"489\" \/><\/p>\n<p style=\"text-align: justify;\">Adem\u00e1s, a\u00f1adamos el hecho de que nada de esto est\u00e1 en l\u00ednea con <a href=\"http:\/\/www.consumoteca.com\/turismo-y-viajes\/restauracion\/obligaciones-de-bares-restaurantes-y-cafeterias\/\" target=\"_blank\" rel=\"noopener noreferrer\">las reglas y obligaciones oficiales<\/a> que indican que bares y restaurantes no pueden cobrar por productos que no sean puramente comida o bebida (por ejemplo, cobrar por hacer una reserva, cobrar por el servicio\u2026) y tampoco pueden cobrar por productos que el cliente no haya pedido (pan y aceitunas, el m\u00e1s claro ejemplo).<\/p>\n<p style=\"text-align: justify;\">El caso es que, legal o no, es moralmente censurable cobrar por nada. Si supuestamente se pudiera cobrar al cliente por sentarse en vuestro bar\u2026 \u00bfle cobrar\u00edais? Entonces\u2026 \u00bfPor qu\u00e9 hac\u00e9is esto? \u00bfCu\u00e1l es vuestra excusa, vuestro argumento o razonamiento? Y porqu\u00e9 un \u00a8guiri\u00a8 como yo se preocupa m\u00e1s por cuidar el tapeo tradicional tanto o m\u00e1s que vosotros?<\/p>\n<p>Un abrazo,<br \/>\nShawn<\/p>\n","protected":false},"excerpt":{"rendered":"<p>An Open Letter to Tapas Bar Owners in Sevilla [para la traducci\u00f3n en espa\u00f1ol pinchar aqu\u00ed] Two years ago I wrote about the increasing number of tapas bars in Sevilla charging for bread and service, a previously unheard of practice that started off in a small way with some bars charging, say 50 cents a [&hellip;]<\/p>\n","protected":false},"author":1,"featured_media":0,"parent":25652,"menu_order":3,"comment_status":"closed","ping_status":"closed","template":"","meta":{"footnotes":""},"class_list":["post-25656","page","type-page","status-publish","hentry"],"aioseo_notices":[],"jetpack_shortlink":"https:\/\/wp.me\/P1sdVO-6FO","jetpack_sharing_enabled":true,"jetpack-related-posts":[{"id":15430,"url":"https:\/\/azahar-sevilla.com\/sevilletapas\/tapas-tours\/the-triana-tour\/","url_meta":{"origin":25656,"position":0},"title":"Tasting Triana","author":"Shawn","date":"February 22, 2015","format":false,"excerpt":"Triana, on the west bank of the Guadalquivir River, remains one of Sevilla's most unique and distinctive barrios, though trianeros feel strongly that it is actually a separate entity altogether. Triana is well-known for its traditional pottery and tile industry and a vibrant flamenco culture. It is also the home\u2026","rel":"","context":"Similar post","block_context":{"text":"Similar post","link":""},"img":{"alt_text":"triana tapas tour","src":"https:\/\/i0.wp.com\/azahar-sevilla.com\/sevilletapas\/wp-content\/uploads\/2015\/02\/triana-tapas-tour.jpg?resize=350%2C200","width":350,"height":200,"srcset":"https:\/\/i0.wp.com\/azahar-sevilla.com\/sevilletapas\/wp-content\/uploads\/2015\/02\/triana-tapas-tour.jpg?resize=350%2C200 1x, https:\/\/i0.wp.com\/azahar-sevilla.com\/sevilletapas\/wp-content\/uploads\/2015\/02\/triana-tapas-tour.jpg?resize=525%2C300 1.5x"},"classes":[]},{"id":11775,"url":"https:\/\/azahar-sevilla.com\/sevilletapas\/my-wine-tastings\/sherry\/","url_meta":{"origin":25656,"position":1},"title":"Sherry &#038; Tapas Experience","author":"Shawn","date":"August 16, 2013","format":false,"excerpt":"The Sherry & Tapas Experience is an introduction to the wonderful world of sherry. It will be a fun and informative afternoon out with a Certified Sherry Educator (me!) during which you will learn about the basics of the sherry-making process while tasting 6 different wines as you visit two\u2026","rel":"","context":"Similar post","block_context":{"text":"Similar post","link":""},"img":{"alt_text":"","src":"https:\/\/i0.wp.com\/azahar-sevilla.com\/sevilletapas\/wp-content\/uploads\/2026\/03\/sherry-class-26-1.jpg?resize=350%2C200&ssl=1","width":350,"height":200,"srcset":"https:\/\/i0.wp.com\/azahar-sevilla.com\/sevilletapas\/wp-content\/uploads\/2026\/03\/sherry-class-26-1.jpg?resize=350%2C200&ssl=1 1x, https:\/\/i0.wp.com\/azahar-sevilla.com\/sevilletapas\/wp-content\/uploads\/2026\/03\/sherry-class-26-1.jpg?resize=525%2C300&ssl=1 1.5x"},"classes":[]},{"id":18963,"url":"https:\/\/azahar-sevilla.com\/sevilletapas\/my-wine-tastings\/","url_meta":{"origin":25656,"position":2},"title":"My Sherry Experiences","author":"Shawn","date":"June 20, 2017","format":false,"excerpt":"Outside of Andaluc\u00eda (and sometimes here too!), Sherry is quite possibly the most misunderstood wine in the world. For many the name is likely to conjure up a memory of a sweet dark liquid that granny used to produce from the back of a cupboard at Christmas time. But nothing\u2026","rel":"","context":"Similar post","block_context":{"text":"Similar post","link":""},"img":{"alt_text":"intro to sherry (1)","src":"https:\/\/i0.wp.com\/azahar-sevilla.com\/sevilletapas\/wp-content\/uploads\/2013\/08\/intro-to-sherry-1-300x271.jpg?resize=350%2C200","width":350,"height":200},"classes":[]},{"id":27737,"url":"https:\/\/azahar-sevilla.com\/sevilletapas\/my-wine-tastings\/sherry-tapas-tasting\/","url_meta":{"origin":25656,"position":3},"title":"Sherry &#038; Tapas Tasting","author":"Shawn","date":"September 15, 2021","format":false,"excerpt":"Outside of Andaluc\u00eda (and even sometimes here too!), sherry remains quite possibly the most misunderstood wine in the world. As a certified Sherry Educator I feel it is my mission to dispel these misconceptions by introducing you to sherry the way we enjoy it here in southern Spain. This unique\u2026","rel":"","context":"Similar post","block_context":{"text":"Similar post","link":""},"img":{"alt_text":"","src":"https:\/\/i0.wp.com\/azahar-sevilla.com\/sevilletapas\/wp-content\/uploads\/2021\/09\/st-2021-1.jpg?resize=350%2C200","width":350,"height":200,"srcset":"https:\/\/i0.wp.com\/azahar-sevilla.com\/sevilletapas\/wp-content\/uploads\/2021\/09\/st-2021-1.jpg?resize=350%2C200 1x, https:\/\/i0.wp.com\/azahar-sevilla.com\/sevilletapas\/wp-content\/uploads\/2021\/09\/st-2021-1.jpg?resize=525%2C300 1.5x"},"classes":[]},{"id":18489,"url":"https:\/\/azahar-sevilla.com\/sevilletapas\/sherry-educator\/jerez-de-la-frontera\/bodegas-arfe\/","url_meta":{"origin":25656,"position":4},"title":"Bodegas Arfe","author":"Shawn","date":"March 17, 2017","format":false,"excerpt":"Bodegas Arfe is an unusual, and fairly new, bodega. Founded in 2000, it's the brainchild of Luis Arroyo Felices (the name of the bodega is the first two letters of his surnames), formerly technical director at Grupo Garvey, and the first bottling of Palo Cortado \u201cDe La Cruz De 1767\u201d\u2026","rel":"","context":"Similar post","block_context":{"text":"Similar post","link":""},"img":{"alt_text":"","src":"https:\/\/i0.wp.com\/azahar-sevilla.com\/sevilletapas\/wp-content\/uploads\/2017\/03\/bodegas-arfe.jpg?resize=350%2C200","width":350,"height":200,"srcset":"https:\/\/i0.wp.com\/azahar-sevilla.com\/sevilletapas\/wp-content\/uploads\/2017\/03\/bodegas-arfe.jpg?resize=350%2C200 1x, https:\/\/i0.wp.com\/azahar-sevilla.com\/sevilletapas\/wp-content\/uploads\/2017\/03\/bodegas-arfe.jpg?resize=525%2C300 1.5x, https:\/\/i0.wp.com\/azahar-sevilla.com\/sevilletapas\/wp-content\/uploads\/2017\/03\/bodegas-arfe.jpg?resize=700%2C400 2x"},"classes":[]},{"id":32888,"url":"https:\/\/azahar-sevilla.com\/sevilletapas\/specialty-shops\/","url_meta":{"origin":25656,"position":5},"title":"Specialty Food &#038; Wine Shops","author":"Shawn","date":"January 14, 2024","format":false,"excerpt":"Wine & Spirits Delatierra Adriano 24 Tel: 673 803 583 Mon-Fri 11 am to 7.00 pm, Sat, Sun closed Flor de Sal Espinosa y C\u00e1rcel 10 Tel: 663 728 818 Mon-Wed closed. Thur-Sat 8.00 pm to 11.30 pm, Sun 1.00 pm to 4.00 pm Lama La Uva Regina 1 Tel:\u2026","rel":"","context":"Similar post","block_context":{"text":"Similar post","link":""},"img":{"alt_text":"","src":"","width":0,"height":0},"classes":[]}],"jetpack_likes_enabled":true,"_links":{"self":[{"href":"https:\/\/azahar-sevilla.com\/sevilletapas\/wp-json\/wp\/v2\/pages\/25656","targetHints":{"allow":["GET"]}}],"collection":[{"href":"https:\/\/azahar-sevilla.com\/sevilletapas\/wp-json\/wp\/v2\/pages"}],"about":[{"href":"https:\/\/azahar-sevilla.com\/sevilletapas\/wp-json\/wp\/v2\/types\/page"}],"author":[{"embeddable":true,"href":"https:\/\/azahar-sevilla.com\/sevilletapas\/wp-json\/wp\/v2\/users\/1"}],"replies":[{"embeddable":true,"href":"https:\/\/azahar-sevilla.com\/sevilletapas\/wp-json\/wp\/v2\/comments?post=25656"}],"version-history":[{"count":2,"href":"https:\/\/azahar-sevilla.com\/sevilletapas\/wp-json\/wp\/v2\/pages\/25656\/revisions"}],"predecessor-version":[{"id":25658,"href":"https:\/\/azahar-sevilla.com\/sevilletapas\/wp-json\/wp\/v2\/pages\/25656\/revisions\/25658"}],"up":[{"embeddable":true,"href":"https:\/\/azahar-sevilla.com\/sevilletapas\/wp-json\/wp\/v2\/pages\/25652"}],"wp:attachment":[{"href":"https:\/\/azahar-sevilla.com\/sevilletapas\/wp-json\/wp\/v2\/media?parent=25656"}],"curies":[{"name":"wp","href":"https:\/\/api.w.org\/{rel}","templated":true}]}}