{"id":20544,"date":"2018-01-21T12:18:54","date_gmt":"2018-01-21T11:18:54","guid":{"rendered":"http:\/\/azahar-sevilla.com\/sevilletapas\/?page_id=20544"},"modified":"2018-01-21T13:08:27","modified_gmt":"2018-01-21T12:08:27","slug":"bodegas-fernandez-gao","status":"publish","type":"page","link":"https:\/\/azahar-sevilla.com\/sevilletapas\/sherry-educator\/jerez-de-la-frontera\/bodegas-fernandez-gao\/","title":{"rendered":"Bodegas Fernandez Gao"},"content":{"rendered":"<p><a href=\"https:\/\/i0.wp.com\/azahar-sevilla.com\/sevilletapas\/wp-content\/uploads\/2018\/01\/fernandez-gao-1.jpg?ssl=1\"><img data-recalc-dims=\"1\" loading=\"lazy\" decoding=\"async\" data-attachment-id=\"20545\" data-permalink=\"https:\/\/azahar-sevilla.com\/sevilletapas\/sherry-educator\/jerez-de-la-frontera\/bodegas-fernandez-gao\/fernandez-gao-2\/#main\" data-orig-file=\"https:\/\/i0.wp.com\/azahar-sevilla.com\/sevilletapas\/wp-content\/uploads\/2018\/01\/fernandez-gao-1.jpg?fit=1024%2C683&amp;ssl=1\" data-orig-size=\"1024,683\" data-comments-opened=\"1\" data-image-meta=\"{&quot;aperture&quot;:&quot;0&quot;,&quot;credit&quot;:&quot;Picasa&quot;,&quot;camera&quot;:&quot;&quot;,&quot;caption&quot;:&quot;&quot;,&quot;created_timestamp&quot;:&quot;1515177395&quot;,&quot;copyright&quot;:&quot;&quot;,&quot;focal_length&quot;:&quot;0&quot;,&quot;iso&quot;:&quot;0&quot;,&quot;shutter_speed&quot;:&quot;0&quot;,&quot;title&quot;:&quot;&quot;,&quot;orientation&quot;:&quot;0&quot;}\" data-image-title=\"fernandez gao\" data-image-description=\"\" data-image-caption=\"\" data-large-file=\"https:\/\/i0.wp.com\/azahar-sevilla.com\/sevilletapas\/wp-content\/uploads\/2018\/01\/fernandez-gao-1.jpg?fit=1024%2C683&amp;ssl=1\" class=\"aligncenter size-large wp-image-20545\" src=\"https:\/\/i0.wp.com\/azahar-sevilla.com\/sevilletapas\/wp-content\/uploads\/2018\/01\/fernandez-gao-1.jpg?resize=1024%2C683&#038;ssl=1\" alt=\"\" width=\"1024\" height=\"683\" srcset=\"https:\/\/i0.wp.com\/azahar-sevilla.com\/sevilletapas\/wp-content\/uploads\/2018\/01\/fernandez-gao-1.jpg?w=1024&amp;ssl=1 1024w, https:\/\/i0.wp.com\/azahar-sevilla.com\/sevilletapas\/wp-content\/uploads\/2018\/01\/fernandez-gao-1.jpg?resize=300%2C200&amp;ssl=1 300w, https:\/\/i0.wp.com\/azahar-sevilla.com\/sevilletapas\/wp-content\/uploads\/2018\/01\/fernandez-gao-1.jpg?resize=768%2C512&amp;ssl=1 768w, https:\/\/i0.wp.com\/azahar-sevilla.com\/sevilletapas\/wp-content\/uploads\/2018\/01\/fernandez-gao-1.jpg?resize=618%2C412&amp;ssl=1 618w, https:\/\/i0.wp.com\/azahar-sevilla.com\/sevilletapas\/wp-content\/uploads\/2018\/01\/fernandez-gao-1.jpg?resize=444%2C296&amp;ssl=1 444w\" sizes=\"auto, (max-width: 1024px) 100vw, 1024px\" \/><\/a><\/p>\n<p style=\"text-align: justify;\">I don&#8217;t really need an excuse to visit a new bodega, but this was a treat for my birthday. We were shown around this small, and not yet fully refurbished, bodega by Juan Carlos S\u00e1nchez Gago, who acquired it with his brother Antonio S\u00e1nchez Gago in 2014, and began small scale production of a range of sherries in 2016. Currently they have an amontillado, a palo cortado, a medium sweet, and a PX, and a communion sherry called De Ecclesia, all of which we had the opportunity to sample. Outstanding.<\/p>\n<p style=\"text-align: justify;\">FG is actually a resurrection of the original Fern\u00e1ndez Gao, which was founded in 1750, making it one of the oldest in the Jerez marco, but it wasn&#8217;t until 1888 that Jos\u00e9 Mar\u00eda Fern\u00e1ndez y Gonz\u00e1lez opened the family&#8217;s first wine business in Jerez itself. From 1914 until 1967, when it finally closed, it operated under the name Fernandez Gao Hermanos. The labels acquired by the Gago brothers included Fino La Mina, La Albarizuela, Amontillado Fino El 68, Olorosos El 50 and Gran A\u00f1ada, and the Novocientos Cuatro and Legendario.<\/p>\n<p style=\"text-align: justify;\">There is still some way to go, including further acquisition of casks and production expansion. The brothers now also have a smaller bodega around the corner in calle Arcos, which will be used for tastings and events, and include a shop and a tabanco. I think the tabanco is a brilliant idea and can&#8217;t wait to see it operational.<\/p>\n<blockquote><p><a href=\"http:\/\/www.fernandezgao.com\/contacto\/\" target=\"_blank\" rel=\"noopener\">Bodegas Fernandez Gao<\/a><br \/>\nPajarete 3<br \/>\nJerez de la Frontera, C\u00e1diz<br \/>\nTel: 956 974 252<\/p><\/blockquote>\n","protected":false},"excerpt":{"rendered":"<p>I don&#8217;t really need an excuse to visit a new bodega, but this was a treat for my birthday. We were shown around this small, and not yet fully refurbished, bodega by Juan Carlos S\u00e1nchez Gago, who acquired it with his brother Antonio S\u00e1nchez Gago in 2014, and began small scale production of a range [&hellip;]<\/p>\n","protected":false},"author":1,"featured_media":0,"parent":18426,"menu_order":5,"comment_status":"closed","ping_status":"closed","template":"","meta":{"footnotes":""},"class_list":["post-20544","page","type-page","status-publish","hentry"],"aioseo_notices":[],"jetpack_shortlink":"https:\/\/wp.me\/P1sdVO-5lm","jetpack_sharing_enabled":true,"jetpack-related-posts":[{"id":18489,"url":"https:\/\/azahar-sevilla.com\/sevilletapas\/sherry-educator\/jerez-de-la-frontera\/bodegas-arfe\/","url_meta":{"origin":20544,"position":0},"title":"Bodegas Arfe","author":"Shawn","date":"March 17, 2017","format":false,"excerpt":"Bodegas Arfe is an unusual, and fairly new, bodega. Founded in 2000, it's the brainchild of Luis Arroyo Felices (the name of the bodega is the first two letters of his surnames), formerly technical director at Grupo Garvey, and the first bottling of Palo Cortado \u201cDe La Cruz De 1767\u201d\u2026","rel":"","context":"Similar post","block_context":{"text":"Similar post","link":""},"img":{"alt_text":"","src":"https:\/\/i0.wp.com\/azahar-sevilla.com\/sevilletapas\/wp-content\/uploads\/2017\/03\/bodegas-arfe.jpg?resize=350%2C200","width":350,"height":200,"srcset":"https:\/\/i0.wp.com\/azahar-sevilla.com\/sevilletapas\/wp-content\/uploads\/2017\/03\/bodegas-arfe.jpg?resize=350%2C200 1x, https:\/\/i0.wp.com\/azahar-sevilla.com\/sevilletapas\/wp-content\/uploads\/2017\/03\/bodegas-arfe.jpg?resize=525%2C300 1.5x, https:\/\/i0.wp.com\/azahar-sevilla.com\/sevilletapas\/wp-content\/uploads\/2017\/03\/bodegas-arfe.jpg?resize=700%2C400 2x"},"classes":[]},{"id":27737,"url":"https:\/\/azahar-sevilla.com\/sevilletapas\/my-wine-tastings\/sherry-tapas-tasting\/","url_meta":{"origin":20544,"position":1},"title":"Sherry &#038; Tapas Tasting","author":"Shawn","date":"September 15, 2021","format":false,"excerpt":"Outside of Andaluc\u00eda (and even sometimes here too!), sherry remains quite possibly the most misunderstood wine in the world. As a certified Sherry Educator I feel it is my mission to dispel these misconceptions by introducing you to sherry the way we enjoy it here in southern Spain. This unique\u2026","rel":"","context":"Similar post","block_context":{"text":"Similar post","link":""},"img":{"alt_text":"","src":"https:\/\/i0.wp.com\/azahar-sevilla.com\/sevilletapas\/wp-content\/uploads\/2021\/09\/st-2021-1.jpg?resize=350%2C200","width":350,"height":200,"srcset":"https:\/\/i0.wp.com\/azahar-sevilla.com\/sevilletapas\/wp-content\/uploads\/2021\/09\/st-2021-1.jpg?resize=350%2C200 1x, https:\/\/i0.wp.com\/azahar-sevilla.com\/sevilletapas\/wp-content\/uploads\/2021\/09\/st-2021-1.jpg?resize=525%2C300 1.5x"},"classes":[]}],"jetpack_likes_enabled":true,"_links":{"self":[{"href":"https:\/\/azahar-sevilla.com\/sevilletapas\/wp-json\/wp\/v2\/pages\/20544","targetHints":{"allow":["GET"]}}],"collection":[{"href":"https:\/\/azahar-sevilla.com\/sevilletapas\/wp-json\/wp\/v2\/pages"}],"about":[{"href":"https:\/\/azahar-sevilla.com\/sevilletapas\/wp-json\/wp\/v2\/types\/page"}],"author":[{"embeddable":true,"href":"https:\/\/azahar-sevilla.com\/sevilletapas\/wp-json\/wp\/v2\/users\/1"}],"replies":[{"embeddable":true,"href":"https:\/\/azahar-sevilla.com\/sevilletapas\/wp-json\/wp\/v2\/comments?post=20544"}],"version-history":[{"count":8,"href":"https:\/\/azahar-sevilla.com\/sevilletapas\/wp-json\/wp\/v2\/pages\/20544\/revisions"}],"predecessor-version":[{"id":20554,"href":"https:\/\/azahar-sevilla.com\/sevilletapas\/wp-json\/wp\/v2\/pages\/20544\/revisions\/20554"}],"up":[{"embeddable":true,"href":"https:\/\/azahar-sevilla.com\/sevilletapas\/wp-json\/wp\/v2\/pages\/18426"}],"wp:attachment":[{"href":"https:\/\/azahar-sevilla.com\/sevilletapas\/wp-json\/wp\/v2\/media?parent=20544"}],"curies":[{"name":"wp","href":"https:\/\/api.w.org\/{rel}","templated":true}]}}