{"id":2027,"date":"2009-09-09T18:12:09","date_gmt":"2009-09-09T17:12:09","guid":{"rendered":"http:\/\/azahar-sevilla.com\/sevilletapas\/los-remedios\/"},"modified":"2024-10-13T09:12:14","modified_gmt":"2024-10-13T08:12:14","slug":"los-remedios","status":"publish","type":"page","link":"https:\/\/azahar-sevilla.com\/sevilletapas\/barrios\/los-remedios\/","title":{"rendered":"Los Remedios"},"content":{"rendered":"<p style=\"text-align: justify;\"><img data-recalc-dims=\"1\" loading=\"lazy\" decoding=\"async\" data-attachment-id=\"22040\" data-permalink=\"https:\/\/azahar-sevilla.com\/sevilletapas\/barrios\/los-remedios\/los-remedios-3\/#main\" data-orig-file=\"https:\/\/i0.wp.com\/azahar-sevilla.com\/sevilletapas\/wp-content\/uploads\/2018\/08\/los-remedios.jpg?fit=275%2C275&amp;ssl=1\" data-orig-size=\"275,275\" data-comments-opened=\"1\" data-image-meta=\"{&quot;aperture&quot;:&quot;0&quot;,&quot;credit&quot;:&quot;Picasa&quot;,&quot;camera&quot;:&quot;&quot;,&quot;caption&quot;:&quot;&quot;,&quot;created_timestamp&quot;:&quot;1533722449&quot;,&quot;copyright&quot;:&quot;&quot;,&quot;focal_length&quot;:&quot;0&quot;,&quot;iso&quot;:&quot;0&quot;,&quot;shutter_speed&quot;:&quot;0&quot;,&quot;title&quot;:&quot;&quot;,&quot;orientation&quot;:&quot;0&quot;}\" data-image-title=\"los remedios\" data-image-description=\"\" data-image-caption=\"\" data-large-file=\"https:\/\/i0.wp.com\/azahar-sevilla.com\/sevilletapas\/wp-content\/uploads\/2018\/08\/los-remedios.jpg?fit=275%2C275&amp;ssl=1\" class=\"alignleft size-full wp-image-22040\" src=\"https:\/\/i0.wp.com\/azahar-sevilla.com\/sevilletapas\/wp-content\/uploads\/2018\/08\/los-remedios.jpg?resize=275%2C275&#038;ssl=1\" alt=\"\" width=\"275\" height=\"275\" srcset=\"https:\/\/i0.wp.com\/azahar-sevilla.com\/sevilletapas\/wp-content\/uploads\/2018\/08\/los-remedios.jpg?w=275&amp;ssl=1 275w, https:\/\/i0.wp.com\/azahar-sevilla.com\/sevilletapas\/wp-content\/uploads\/2018\/08\/los-remedios.jpg?resize=150%2C150&amp;ssl=1 150w, https:\/\/i0.wp.com\/azahar-sevilla.com\/sevilletapas\/wp-content\/uploads\/2018\/08\/los-remedios.jpg?resize=66%2C66&amp;ssl=1 66w\" sizes=\"auto, (max-width: 275px) 100vw, 275px\" \/>Los Remedios is the 1950s suburb on the west side of the river, south of Triana. For the most part not of great historical interest (although Magellan sailed from next to the San Telmo bridge, whose middle section could be raised to allow the passage of sailing ships), and the April fairground, built on land reclaimed from the river when it was diverted in the early 20th century is just beyond the Remedios bridge. There are, however, a number of good bars that are worth going to.<\/p>\n<ul>\n<li>\n<h4><a href=\"https:\/\/azahar-sevilla.com\/sevilletapas\/ivantxu\/\">Ivantxu Espacio Bistron\u00f3mico<\/a><\/h4>\n<\/li>\n<li>\n<h4><a href=\"https:\/\/azahar-sevilla.com\/sevilletapas\/la-carmela\/\">La Carmela<\/a><\/h4>\n<\/li>\n<li>\n<h4><a href=\"https:\/\/azahar-sevilla.com\/sevilletapas\/la-montanera\/\">La Montanera<\/a><\/h4>\n<\/li>\n<li>\n<h4><a href=\"https:\/\/azahar-sevilla.com\/sevilletapas\/patron-cerveceria-atlantica\/\">Patr\u00f3n Cervecer\u00eda Atl\u00e1ntica<\/a><\/h4>\n<\/li>\n<\/ul>\n","protected":false},"excerpt":{"rendered":"<p>Los Remedios is the 1950s suburb on the west side of the river, south of Triana. For the most part not of great historical interest (although Magellan sailed from next to the San Telmo bridge, whose middle section could be raised to allow the passage of sailing ships), and the April fairground, built on land [&hellip;]<\/p>\n","protected":false},"author":1,"featured_media":0,"parent":1994,"menu_order":12,"comment_status":"closed","ping_status":"closed","template":"","meta":{"footnotes":""},"class_list":["post-2027","page","type-page","status-publish","hentry"],"aioseo_notices":[],"jetpack_shortlink":"https:\/\/wp.me\/P1sdVO-wH","jetpack_sharing_enabled":true,"jetpack-related-posts":[{"id":15430,"url":"https:\/\/azahar-sevilla.com\/sevilletapas\/tapas-tours\/the-triana-tour\/","url_meta":{"origin":2027,"position":0},"title":"Tasting Triana","author":"Shawn","date":"February 22, 2015","format":false,"excerpt":"Triana, on the west bank of the Guadalquivir River, remains one of Sevilla's most unique and distinctive barrios, though trianeros feel strongly that it is actually a separate entity altogether. Triana is well-known for its traditional pottery and tile industry and a vibrant flamenco culture. It is also the home\u2026","rel":"","context":"Similar post","block_context":{"text":"Similar post","link":""},"img":{"alt_text":"triana tapas tour","src":"https:\/\/i0.wp.com\/azahar-sevilla.com\/sevilletapas\/wp-content\/uploads\/2015\/02\/triana-tapas-tour.jpg?resize=350%2C200","width":350,"height":200,"srcset":"https:\/\/i0.wp.com\/azahar-sevilla.com\/sevilletapas\/wp-content\/uploads\/2015\/02\/triana-tapas-tour.jpg?resize=350%2C200 1x, https:\/\/i0.wp.com\/azahar-sevilla.com\/sevilletapas\/wp-content\/uploads\/2015\/02\/triana-tapas-tour.jpg?resize=525%2C300 1.5x"},"classes":[]}],"jetpack_likes_enabled":true,"_links":{"self":[{"href":"https:\/\/azahar-sevilla.com\/sevilletapas\/wp-json\/wp\/v2\/pages\/2027","targetHints":{"allow":["GET"]}}],"collection":[{"href":"https:\/\/azahar-sevilla.com\/sevilletapas\/wp-json\/wp\/v2\/pages"}],"about":[{"href":"https:\/\/azahar-sevilla.com\/sevilletapas\/wp-json\/wp\/v2\/types\/page"}],"author":[{"embeddable":true,"href":"https:\/\/azahar-sevilla.com\/sevilletapas\/wp-json\/wp\/v2\/users\/1"}],"replies":[{"embeddable":true,"href":"https:\/\/azahar-sevilla.com\/sevilletapas\/wp-json\/wp\/v2\/comments?post=2027"}],"version-history":[{"count":12,"href":"https:\/\/azahar-sevilla.com\/sevilletapas\/wp-json\/wp\/v2\/pages\/2027\/revisions"}],"predecessor-version":[{"id":34962,"href":"https:\/\/azahar-sevilla.com\/sevilletapas\/wp-json\/wp\/v2\/pages\/2027\/revisions\/34962"}],"up":[{"embeddable":true,"href":"https:\/\/azahar-sevilla.com\/sevilletapas\/wp-json\/wp\/v2\/pages\/1994"}],"wp:attachment":[{"href":"https:\/\/azahar-sevilla.com\/sevilletapas\/wp-json\/wp\/v2\/media?parent=2027"}],"curies":[{"name":"wp","href":"https:\/\/api.w.org\/{rel}","templated":true}]}}