{"id":18519,"date":"2017-03-17T12:32:05","date_gmt":"2017-03-17T11:32:05","guid":{"rendered":"http:\/\/azahar-sevilla.com\/sevilletapas\/?page_id=18519"},"modified":"2018-06-28T11:00:58","modified_gmt":"2018-06-28T10:00:58","slug":"bodegas-hidalgo-la-gitana","status":"publish","type":"page","link":"https:\/\/azahar-sevilla.com\/sevilletapas\/sherry-educator\/sanlucar-de-barrameda\/bodegas-hidalgo-la-gitana\/","title":{"rendered":"Bodegas Hidalgo La Gitana"},"content":{"rendered":"<p style=\"text-align: justify;\"><a href=\"https:\/\/i0.wp.com\/azahar-sevilla.com\/sevilletapas\/wp-content\/uploads\/2017\/03\/bodegas-hidalgo-la-gitana.jpg?ssl=1\"><img data-recalc-dims=\"1\" loading=\"lazy\" decoding=\"async\" data-attachment-id=\"18561\" data-permalink=\"https:\/\/azahar-sevilla.com\/sevilletapas\/sherry-educator\/sanlucar-de-barrameda\/bodegas-barbadillo\/bodegas-hidalgo-la-gitana-2\/#main\" data-orig-file=\"https:\/\/i0.wp.com\/azahar-sevilla.com\/sevilletapas\/wp-content\/uploads\/2017\/03\/bodegas-hidalgo-la-gitana.jpg?fit=1024%2C640&amp;ssl=1\" data-orig-size=\"1024,640\" data-comments-opened=\"1\" data-image-meta=\"{&quot;aperture&quot;:&quot;0&quot;,&quot;credit&quot;:&quot;Picasa&quot;,&quot;camera&quot;:&quot;&quot;,&quot;caption&quot;:&quot;&quot;,&quot;created_timestamp&quot;:&quot;1408295687&quot;,&quot;copyright&quot;:&quot;&quot;,&quot;focal_length&quot;:&quot;0&quot;,&quot;iso&quot;:&quot;0&quot;,&quot;shutter_speed&quot;:&quot;0&quot;,&quot;title&quot;:&quot;&quot;,&quot;orientation&quot;:&quot;0&quot;}\" data-image-title=\"bodegas hidalgo la gitana\" data-image-description=\"\" data-image-caption=\"\" data-large-file=\"https:\/\/i0.wp.com\/azahar-sevilla.com\/sevilletapas\/wp-content\/uploads\/2017\/03\/bodegas-hidalgo-la-gitana.jpg?fit=1024%2C640&amp;ssl=1\" class=\"aligncenter size-full wp-image-18561\" src=\"https:\/\/i0.wp.com\/azahar-sevilla.com\/sevilletapas\/wp-content\/uploads\/2017\/03\/bodegas-hidalgo-la-gitana.jpg?resize=1024%2C640&#038;ssl=1\" alt=\"\" width=\"1024\" height=\"640\" srcset=\"https:\/\/i0.wp.com\/azahar-sevilla.com\/sevilletapas\/wp-content\/uploads\/2017\/03\/bodegas-hidalgo-la-gitana.jpg?w=1024&amp;ssl=1 1024w, https:\/\/i0.wp.com\/azahar-sevilla.com\/sevilletapas\/wp-content\/uploads\/2017\/03\/bodegas-hidalgo-la-gitana.jpg?resize=300%2C188&amp;ssl=1 300w, https:\/\/i0.wp.com\/azahar-sevilla.com\/sevilletapas\/wp-content\/uploads\/2017\/03\/bodegas-hidalgo-la-gitana.jpg?resize=768%2C480&amp;ssl=1 768w, https:\/\/i0.wp.com\/azahar-sevilla.com\/sevilletapas\/wp-content\/uploads\/2017\/03\/bodegas-hidalgo-la-gitana.jpg?resize=618%2C386&amp;ssl=1 618w, https:\/\/i0.wp.com\/azahar-sevilla.com\/sevilletapas\/wp-content\/uploads\/2017\/03\/bodegas-hidalgo-la-gitana.jpg?resize=444%2C278&amp;ssl=1 444w\" sizes=\"auto, (max-width: 1024px) 100vw, 1024px\" \/><\/a><br \/>\nBodega Hidalgo La Gitana, on the edge of the old town facing the sea, is one of the oldest Sanl\u00facar bodegas, founded in 1792, and is still wholly owned by the descendants of the founder, Don Jos\u00e9 Pantale\u00f3n Hidalgo. The name of its flagship Manzanilla, \u201cThe Gypsy woman\u201d, is said to refer to his mistress, who worked as a barmaid in M\u00e1laga.<\/p>\n<p style=\"text-align: justify;\">We were fortunate enough to be shown around the bodega by Juan Hidalgo, a 6th generation member of the family, who proved an entertaining host and an adept <em>venenciador<\/em>. Less of a tour than our other visits, we ambled through the various sections of the bodega, sampling wines straight from the barrels as we went, while Juan told us about family history and the different sherries produced.<\/p>\n<p style=\"text-align: justify;\">Other highlights of the visit included seeing the bodega&#8217;s very own storks&#8217; nest, and perhaps most unusually of all, getting to see the original portrait of \u201cLa Gitana\u201d, which was actually painted on a tambourine skin and now hangs in the bodega&#8217;s office. I&#8217;ll never look at a bottle of La Gitana manzanilla again without remembering that moment.<\/p>\n<p>Visits Monday-Saturday 11am (English &amp; Spanish) 12.30pm (Spanish only).<\/p>\n<blockquote><p><a href=\"http:\/\/www.lagitana.es\/\" target=\"_blank\" rel=\"noopener\">Bodegas Hidalgo La Gitana<\/a><br \/>\nCalle de la Banda de la Playa, 42<br \/>\nTel 956 385 304<\/p><\/blockquote>\n","protected":false},"excerpt":{"rendered":"<p>Bodega Hidalgo La Gitana, on the edge of the old town facing the sea, is one of the oldest Sanl\u00facar bodegas, founded in 1792, and is still wholly owned by the descendants of the founder, Don Jos\u00e9 Pantale\u00f3n Hidalgo. The name of its flagship Manzanilla, \u201cThe Gypsy woman\u201d, is said to refer to his mistress, [&hellip;]<\/p>\n","protected":false},"author":1,"featured_media":0,"parent":18428,"menu_order":8,"comment_status":"closed","ping_status":"closed","template":"","meta":{"footnotes":""},"class_list":["post-18519","page","type-page","status-publish","hentry"],"aioseo_notices":[],"jetpack_shortlink":"https:\/\/wp.me\/P1sdVO-4OH","jetpack_sharing_enabled":true,"jetpack-related-posts":[{"id":18489,"url":"https:\/\/azahar-sevilla.com\/sevilletapas\/sherry-educator\/jerez-de-la-frontera\/bodegas-arfe\/","url_meta":{"origin":18519,"position":0},"title":"Bodegas Arfe","author":"Shawn","date":"March 17, 2017","format":false,"excerpt":"Bodegas Arfe is an unusual, and fairly new, bodega. Founded in 2000, it's the brainchild of Luis Arroyo Felices (the name of the bodega is the first two letters of his surnames), formerly technical director at Grupo Garvey, and the first bottling of Palo Cortado \u201cDe La Cruz De 1767\u201d\u2026","rel":"","context":"Similar post","block_context":{"text":"Similar post","link":""},"img":{"alt_text":"","src":"https:\/\/i0.wp.com\/azahar-sevilla.com\/sevilletapas\/wp-content\/uploads\/2017\/03\/bodegas-arfe.jpg?resize=350%2C200","width":350,"height":200,"srcset":"https:\/\/i0.wp.com\/azahar-sevilla.com\/sevilletapas\/wp-content\/uploads\/2017\/03\/bodegas-arfe.jpg?resize=350%2C200 1x, https:\/\/i0.wp.com\/azahar-sevilla.com\/sevilletapas\/wp-content\/uploads\/2017\/03\/bodegas-arfe.jpg?resize=525%2C300 1.5x, https:\/\/i0.wp.com\/azahar-sevilla.com\/sevilletapas\/wp-content\/uploads\/2017\/03\/bodegas-arfe.jpg?resize=700%2C400 2x"},"classes":[]},{"id":18963,"url":"https:\/\/azahar-sevilla.com\/sevilletapas\/my-wine-tastings\/","url_meta":{"origin":18519,"position":1},"title":"My Sherry Experiences","author":"Shawn","date":"June 20, 2017","format":false,"excerpt":"Outside of Andaluc\u00eda (and sometimes here too!), Sherry is quite possibly the most misunderstood wine in the world. For many the name is likely to conjure up a memory of a sweet dark liquid that granny used to produce from the back of a cupboard at Christmas time. But nothing\u2026","rel":"","context":"Similar post","block_context":{"text":"Similar post","link":""},"img":{"alt_text":"intro to sherry (1)","src":"https:\/\/i0.wp.com\/azahar-sevilla.com\/sevilletapas\/wp-content\/uploads\/2013\/08\/intro-to-sherry-1-300x271.jpg?resize=350%2C200","width":350,"height":200},"classes":[]},{"id":27737,"url":"https:\/\/azahar-sevilla.com\/sevilletapas\/my-wine-tastings\/sherry-tapas-tasting\/","url_meta":{"origin":18519,"position":2},"title":"Sherry &#038; Tapas Tasting","author":"Shawn","date":"September 15, 2021","format":false,"excerpt":"Outside of Andaluc\u00eda (and even sometimes here too!), sherry remains quite possibly the most misunderstood wine in the world. As a certified Sherry Educator I feel it is my mission to dispel these misconceptions by introducing you to sherry the way we enjoy it here in southern Spain. This unique\u2026","rel":"","context":"Similar post","block_context":{"text":"Similar post","link":""},"img":{"alt_text":"","src":"https:\/\/i0.wp.com\/azahar-sevilla.com\/sevilletapas\/wp-content\/uploads\/2021\/09\/st-2021-1.jpg?resize=350%2C200","width":350,"height":200,"srcset":"https:\/\/i0.wp.com\/azahar-sevilla.com\/sevilletapas\/wp-content\/uploads\/2021\/09\/st-2021-1.jpg?resize=350%2C200 1x, https:\/\/i0.wp.com\/azahar-sevilla.com\/sevilletapas\/wp-content\/uploads\/2021\/09\/st-2021-1.jpg?resize=525%2C300 1.5x"},"classes":[]}],"jetpack_likes_enabled":true,"_links":{"self":[{"href":"https:\/\/azahar-sevilla.com\/sevilletapas\/wp-json\/wp\/v2\/pages\/18519","targetHints":{"allow":["GET"]}}],"collection":[{"href":"https:\/\/azahar-sevilla.com\/sevilletapas\/wp-json\/wp\/v2\/pages"}],"about":[{"href":"https:\/\/azahar-sevilla.com\/sevilletapas\/wp-json\/wp\/v2\/types\/page"}],"author":[{"embeddable":true,"href":"https:\/\/azahar-sevilla.com\/sevilletapas\/wp-json\/wp\/v2\/users\/1"}],"replies":[{"embeddable":true,"href":"https:\/\/azahar-sevilla.com\/sevilletapas\/wp-json\/wp\/v2\/comments?post=18519"}],"version-history":[{"count":5,"href":"https:\/\/azahar-sevilla.com\/sevilletapas\/wp-json\/wp\/v2\/pages\/18519\/revisions"}],"predecessor-version":[{"id":21516,"href":"https:\/\/azahar-sevilla.com\/sevilletapas\/wp-json\/wp\/v2\/pages\/18519\/revisions\/21516"}],"up":[{"embeddable":true,"href":"https:\/\/azahar-sevilla.com\/sevilletapas\/wp-json\/wp\/v2\/pages\/18428"}],"wp:attachment":[{"href":"https:\/\/azahar-sevilla.com\/sevilletapas\/wp-json\/wp\/v2\/media?parent=18519"}],"curies":[{"name":"wp","href":"https:\/\/api.w.org\/{rel}","templated":true}]}}