{"id":18499,"date":"2017-03-17T11:52:48","date_gmt":"2017-03-17T10:52:48","guid":{"rendered":"http:\/\/azahar-sevilla.com\/sevilletapas\/?page_id=18499"},"modified":"2017-03-25T10:18:47","modified_gmt":"2017-03-25T09:18:47","slug":"bodegas-tradicion","status":"publish","type":"page","link":"https:\/\/azahar-sevilla.com\/sevilletapas\/sherry-educator\/jerez-de-la-frontera\/bodegas-tradicion\/","title":{"rendered":"Bodegas Tradici\u00f3n"},"content":{"rendered":"<p style=\"text-align: center;\"><a href=\"https:\/\/i0.wp.com\/azahar-sevilla.com\/sevilletapas\/wp-content\/uploads\/2017\/03\/bodegas-tradicion.jpg?ssl=1\"><img data-recalc-dims=\"1\" loading=\"lazy\" decoding=\"async\" data-attachment-id=\"18565\" data-permalink=\"https:\/\/azahar-sevilla.com\/sevilletapas\/sherry-educator\/sanlucar-de-barrameda\/bodegas-barbadillo\/bodegas-tradicion-2\/#main\" data-orig-file=\"https:\/\/i0.wp.com\/azahar-sevilla.com\/sevilletapas\/wp-content\/uploads\/2017\/03\/bodegas-tradicion.jpg?fit=1024%2C640&amp;ssl=1\" data-orig-size=\"1024,640\" data-comments-opened=\"1\" data-image-meta=\"{&quot;aperture&quot;:&quot;0&quot;,&quot;credit&quot;:&quot;Picasa&quot;,&quot;camera&quot;:&quot;&quot;,&quot;caption&quot;:&quot;&quot;,&quot;created_timestamp&quot;:&quot;1406458451&quot;,&quot;copyright&quot;:&quot;&quot;,&quot;focal_length&quot;:&quot;0&quot;,&quot;iso&quot;:&quot;0&quot;,&quot;shutter_speed&quot;:&quot;0&quot;,&quot;title&quot;:&quot;&quot;,&quot;orientation&quot;:&quot;0&quot;}\" data-image-title=\"bodegas tradicion\" data-image-description=\"\" data-image-caption=\"\" data-large-file=\"https:\/\/i0.wp.com\/azahar-sevilla.com\/sevilletapas\/wp-content\/uploads\/2017\/03\/bodegas-tradicion.jpg?fit=1024%2C640&amp;ssl=1\" class=\"aligncenter size-full wp-image-18565\" src=\"https:\/\/i0.wp.com\/azahar-sevilla.com\/sevilletapas\/wp-content\/uploads\/2017\/03\/bodegas-tradicion.jpg?resize=1024%2C640&#038;ssl=1\" alt=\"\" width=\"1024\" height=\"640\" srcset=\"https:\/\/i0.wp.com\/azahar-sevilla.com\/sevilletapas\/wp-content\/uploads\/2017\/03\/bodegas-tradicion.jpg?w=1024&amp;ssl=1 1024w, https:\/\/i0.wp.com\/azahar-sevilla.com\/sevilletapas\/wp-content\/uploads\/2017\/03\/bodegas-tradicion.jpg?resize=300%2C188&amp;ssl=1 300w, https:\/\/i0.wp.com\/azahar-sevilla.com\/sevilletapas\/wp-content\/uploads\/2017\/03\/bodegas-tradicion.jpg?resize=768%2C480&amp;ssl=1 768w, https:\/\/i0.wp.com\/azahar-sevilla.com\/sevilletapas\/wp-content\/uploads\/2017\/03\/bodegas-tradicion.jpg?resize=618%2C386&amp;ssl=1 618w, https:\/\/i0.wp.com\/azahar-sevilla.com\/sevilletapas\/wp-content\/uploads\/2017\/03\/bodegas-tradicion.jpg?resize=444%2C278&amp;ssl=1 444w\" sizes=\"auto, (max-width: 1024px) 100vw, 1024px\" \/><\/a><\/p>\n<p style=\"text-align: justify;\">We were met at the door of Bodegas Tradici\u00f3n (you have to knock!) by Ulrike Eisenbeutl, who we later found out had been drawn to Jerez from her native Austria many years earlier by her love of sherry wines. Her knowledge and enthusiasm was apparent from the start and I really enjoyed her easy-going nature, letting conversation drift from wine and gastronomy to travel and art.<\/p>\n<p style=\"text-align: justify;\">Tradici\u00f3n produces &#8220;only&#8221; four VORS wines, and one brandy, and they will occasionally bottle some limited edition finos and other special orders. We tried their entire selection: splendid 30-year-old amontillado, oloroso and palo cortado, followed by a 20-year-old Pedro Xim\u00e9nez. And that brandy! All exceptional.<\/p>\n<p style=\"text-align: justify;\">The other exceptional aspect to our visit was the private art collection of bodega owner Joaqu\u00edn Rivero, including works by Zurbar\u00e1n, Vel\u00e1zquez, Vald\u00e9s Leal, Goya, Murillo, Sorolla and some plates and tiles painted by an 8-year-old Picasso. At the bodega the works on display change from time to time, and Ulrike is just as knowledgeable about art as she is about wine.<\/p>\n<p style=\"text-align: justify;\">Tours are given in Spanish, English, German, French and Italian, and must be booked in advance. A unique experience, definitely not to be missed.<\/p>\n<blockquote>\n<p style=\"text-align: justify;\"><a href=\"http:\/\/www.bodegastradicion.es\/bodegas\/novedades\" target=\"_blank\">Bodegas Tradici\u00f3n<\/a><br \/>\nCalle de los Cordobeses, 3<br \/>\nTel 956 16 86 28<\/p>\n<\/blockquote>\n","protected":false},"excerpt":{"rendered":"<p>We were met at the door of Bodegas Tradici\u00f3n (you have to knock!) by Ulrike Eisenbeutl, who we later found out had been drawn to Jerez from her native Austria many years earlier by her love of sherry wines. Her knowledge and enthusiasm was apparent from the start and I really enjoyed her easy-going nature, [&hellip;]<\/p>\n","protected":false},"author":1,"featured_media":0,"parent":18426,"menu_order":10,"comment_status":"closed","ping_status":"closed","template":"","meta":{"footnotes":""},"class_list":["post-18499","page","type-page","status-publish","hentry"],"aioseo_notices":[],"jetpack_shortlink":"https:\/\/wp.me\/P1sdVO-4On","jetpack_sharing_enabled":true,"jetpack-related-posts":[{"id":18489,"url":"https:\/\/azahar-sevilla.com\/sevilletapas\/sherry-educator\/jerez-de-la-frontera\/bodegas-arfe\/","url_meta":{"origin":18499,"position":0},"title":"Bodegas Arfe","author":"Shawn","date":"March 17, 2017","format":false,"excerpt":"Bodegas Arfe is an unusual, and fairly new, bodega. Founded in 2000, it's the brainchild of Luis Arroyo Felices (the name of the bodega is the first two letters of his surnames), formerly technical director at Grupo Garvey, and the first bottling of Palo Cortado \u201cDe La Cruz De 1767\u201d\u2026","rel":"","context":"Similar post","block_context":{"text":"Similar post","link":""},"img":{"alt_text":"","src":"https:\/\/i0.wp.com\/azahar-sevilla.com\/sevilletapas\/wp-content\/uploads\/2017\/03\/bodegas-arfe.jpg?resize=350%2C200","width":350,"height":200,"srcset":"https:\/\/i0.wp.com\/azahar-sevilla.com\/sevilletapas\/wp-content\/uploads\/2017\/03\/bodegas-arfe.jpg?resize=350%2C200 1x, https:\/\/i0.wp.com\/azahar-sevilla.com\/sevilletapas\/wp-content\/uploads\/2017\/03\/bodegas-arfe.jpg?resize=525%2C300 1.5x, https:\/\/i0.wp.com\/azahar-sevilla.com\/sevilletapas\/wp-content\/uploads\/2017\/03\/bodegas-arfe.jpg?resize=700%2C400 2x"},"classes":[]},{"id":18963,"url":"https:\/\/azahar-sevilla.com\/sevilletapas\/my-wine-tastings\/","url_meta":{"origin":18499,"position":1},"title":"My Sherry Experiences","author":"Shawn","date":"June 20, 2017","format":false,"excerpt":"Outside of Andaluc\u00eda (and sometimes here too!), Sherry is quite possibly the most misunderstood wine in the world. For many the name is likely to conjure up a memory of a sweet dark liquid that granny used to produce from the back of a cupboard at Christmas time. But nothing\u2026","rel":"","context":"Similar post","block_context":{"text":"Similar post","link":""},"img":{"alt_text":"intro to sherry (1)","src":"https:\/\/i0.wp.com\/azahar-sevilla.com\/sevilletapas\/wp-content\/uploads\/2013\/08\/intro-to-sherry-1-300x271.jpg?resize=350%2C200","width":350,"height":200},"classes":[]},{"id":27737,"url":"https:\/\/azahar-sevilla.com\/sevilletapas\/my-wine-tastings\/sherry-tapas-tasting\/","url_meta":{"origin":18499,"position":2},"title":"Sherry &#038; Tapas Tasting","author":"Shawn","date":"September 15, 2021","format":false,"excerpt":"Outside of Andaluc\u00eda (and even sometimes here too!), sherry remains quite possibly the most misunderstood wine in the world. As a certified Sherry Educator I feel it is my mission to dispel these misconceptions by introducing you to sherry the way we enjoy it here in southern Spain. This unique\u2026","rel":"","context":"Similar post","block_context":{"text":"Similar post","link":""},"img":{"alt_text":"","src":"https:\/\/i0.wp.com\/azahar-sevilla.com\/sevilletapas\/wp-content\/uploads\/2021\/09\/st-2021-1.jpg?resize=350%2C200","width":350,"height":200,"srcset":"https:\/\/i0.wp.com\/azahar-sevilla.com\/sevilletapas\/wp-content\/uploads\/2021\/09\/st-2021-1.jpg?resize=350%2C200 1x, https:\/\/i0.wp.com\/azahar-sevilla.com\/sevilletapas\/wp-content\/uploads\/2021\/09\/st-2021-1.jpg?resize=525%2C300 1.5x"},"classes":[]},{"id":11775,"url":"https:\/\/azahar-sevilla.com\/sevilletapas\/my-wine-tastings\/sherry\/","url_meta":{"origin":18499,"position":3},"title":"Sherry &#038; Tapas Experience","author":"Shawn","date":"August 16, 2013","format":false,"excerpt":"The Sherry & Tapas Experience is an introduction to the wonderful world of sherry. It will be a fun and informative afternoon out with a Certified Sherry Educator (me!) during which you will learn about the basics of the sherry-making process while tasting 6 different wines as you visit two\u2026","rel":"","context":"Similar post","block_context":{"text":"Similar post","link":""},"img":{"alt_text":"","src":"https:\/\/i0.wp.com\/azahar-sevilla.com\/sevilletapas\/wp-content\/uploads\/2026\/03\/sherry-class-26-1.jpg?resize=350%2C200&ssl=1","width":350,"height":200,"srcset":"https:\/\/i0.wp.com\/azahar-sevilla.com\/sevilletapas\/wp-content\/uploads\/2026\/03\/sherry-class-26-1.jpg?resize=350%2C200&ssl=1 1x, https:\/\/i0.wp.com\/azahar-sevilla.com\/sevilletapas\/wp-content\/uploads\/2026\/03\/sherry-class-26-1.jpg?resize=525%2C300&ssl=1 1.5x"},"classes":[]}],"jetpack_likes_enabled":true,"_links":{"self":[{"href":"https:\/\/azahar-sevilla.com\/sevilletapas\/wp-json\/wp\/v2\/pages\/18499","targetHints":{"allow":["GET"]}}],"collection":[{"href":"https:\/\/azahar-sevilla.com\/sevilletapas\/wp-json\/wp\/v2\/pages"}],"about":[{"href":"https:\/\/azahar-sevilla.com\/sevilletapas\/wp-json\/wp\/v2\/types\/page"}],"author":[{"embeddable":true,"href":"https:\/\/azahar-sevilla.com\/sevilletapas\/wp-json\/wp\/v2\/users\/1"}],"replies":[{"embeddable":true,"href":"https:\/\/azahar-sevilla.com\/sevilletapas\/wp-json\/wp\/v2\/comments?post=18499"}],"version-history":[{"count":3,"href":"https:\/\/azahar-sevilla.com\/sevilletapas\/wp-json\/wp\/v2\/pages\/18499\/revisions"}],"predecessor-version":[{"id":18660,"href":"https:\/\/azahar-sevilla.com\/sevilletapas\/wp-json\/wp\/v2\/pages\/18499\/revisions\/18660"}],"up":[{"embeddable":true,"href":"https:\/\/azahar-sevilla.com\/sevilletapas\/wp-json\/wp\/v2\/pages\/18426"}],"wp:attachment":[{"href":"https:\/\/azahar-sevilla.com\/sevilletapas\/wp-json\/wp\/v2\/media?parent=18499"}],"curies":[{"name":"wp","href":"https:\/\/api.w.org\/{rel}","templated":true}]}}