{"id":18430,"date":"2017-03-08T10:36:25","date_gmt":"2017-03-08T09:36:25","guid":{"rendered":"http:\/\/azahar-sevilla.com\/sevilletapas\/?page_id=18430"},"modified":"2025-01-12T19:41:22","modified_gmt":"2025-01-12T18:41:22","slug":"el-puerto-de-santa-maria","status":"publish","type":"page","link":"https:\/\/azahar-sevilla.com\/sevilletapas\/sherry-educator\/el-puerto-de-santa-maria\/","title":{"rendered":"El Puerto de Santa Mar\u00eda"},"content":{"rendered":"<p style=\"text-align: center;\"><a href=\"https:\/\/i0.wp.com\/azahar-spain.com\/wp-content\/uploads\/2014\/11\/el-puerto.jpg\"><img data-recalc-dims=\"1\" loading=\"lazy\" decoding=\"async\" data-attachment-id=\"444\" data-permalink=\"https:\/\/azahar-sevilla.com\/sevilletapas\/pasta-dijonjpg\/\" data-orig-file=\"https:\/\/i0.wp.com\/azahar-sevilla.com\/sevilletapas\/wp-content\/uploads\/2008\/09\/pasta-dijon.jpg?fit=480%2C362&amp;ssl=1\" data-orig-size=\"480,362\" data-comments-opened=\"1\" data-image-meta=\"[]\" data-image-title=\"pasta-dijon.jpg\" data-image-description=\"\" data-image-caption=\"\" data-large-file=\"https:\/\/i0.wp.com\/azahar-sevilla.com\/sevilletapas\/wp-content\/uploads\/2008\/09\/pasta-dijon.jpg?fit=480%2C362&amp;ssl=1\" class=\"aligncenter size-full wp-image-444\" src=\"https:\/\/i0.wp.com\/azahar-spain.com\/wp-content\/uploads\/2014\/11\/el-puerto.jpg?resize=1024%2C640\" alt=\"el puerto\" width=\"1024\" height=\"640\" \/><\/a>Sherry bodegas in Sanl\u00facar de Barrameda that I have visited,<br \/>\nlisted in alphabetical order&#8230;<\/p>\n<ul>\n<li style=\"text-align: left;\">\n<h4><a href=\"https:\/\/azahar-sevilla.com\/sevilletapas\/sherry\/el-puerto-de-santa-maria\/bodegas-caballero\/\" target=\"_blank\" rel=\"noopener\">Bodegas Caballero<\/a><\/h4>\n<\/li>\n<li style=\"text-align: left;\">\n<h4><a href=\"https:\/\/azahar-sevilla.com\/sevilletapas\/sherry\/el-puerto-de-santa-maria\/bodegas-gutierrez-colosia\/\" target=\"_blank\" rel=\"noopener\">Bodegas Guti\u00e9rrez-Colos\u00eda<\/a><\/h4>\n<\/li>\n<li style=\"text-align: left;\">\n<h4><a href=\"https:\/\/azahar-sevilla.com\/sevilletapas\/sherry\/el-puerto-de-santa-maria\/bodegas-osborne\/\" target=\"_blank\" rel=\"noopener\">Bodegas Osborne<\/a><\/h4>\n<\/li>\n<\/ul>\n","protected":false},"excerpt":{"rendered":"<p>Sherry bodegas in Sanl\u00facar de Barrameda that I have visited, listed in alphabetical order&#8230; Bodegas Caballero Bodegas Guti\u00e9rrez-Colos\u00eda Bodegas Osborne<\/p>\n","protected":false},"author":1,"featured_media":0,"parent":35692,"menu_order":3,"comment_status":"closed","ping_status":"closed","template":"","meta":{"footnotes":""},"class_list":["post-18430","page","type-page","status-publish","hentry"],"aioseo_notices":[],"jetpack_shortlink":"https:\/\/wp.me\/P1sdVO-4Ng","jetpack_sharing_enabled":true,"jetpack-related-posts":[{"id":18489,"url":"https:\/\/azahar-sevilla.com\/sevilletapas\/sherry-educator\/jerez-de-la-frontera\/bodegas-arfe\/","url_meta":{"origin":18430,"position":0},"title":"Bodegas Arfe","author":"Shawn","date":"March 17, 2017","format":false,"excerpt":"Bodegas Arfe is an unusual, and fairly new, bodega. Founded in 2000, it's the brainchild of Luis Arroyo Felices (the name of the bodega is the first two letters of his surnames), formerly technical director at Grupo Garvey, and the first bottling of Palo Cortado \u201cDe La Cruz De 1767\u201d\u2026","rel":"","context":"Similar post","block_context":{"text":"Similar post","link":""},"img":{"alt_text":"","src":"https:\/\/i0.wp.com\/azahar-sevilla.com\/sevilletapas\/wp-content\/uploads\/2017\/03\/bodegas-arfe.jpg?resize=350%2C200","width":350,"height":200,"srcset":"https:\/\/i0.wp.com\/azahar-sevilla.com\/sevilletapas\/wp-content\/uploads\/2017\/03\/bodegas-arfe.jpg?resize=350%2C200 1x, https:\/\/i0.wp.com\/azahar-sevilla.com\/sevilletapas\/wp-content\/uploads\/2017\/03\/bodegas-arfe.jpg?resize=525%2C300 1.5x, https:\/\/i0.wp.com\/azahar-sevilla.com\/sevilletapas\/wp-content\/uploads\/2017\/03\/bodegas-arfe.jpg?resize=700%2C400 2x"},"classes":[]},{"id":18963,"url":"https:\/\/azahar-sevilla.com\/sevilletapas\/my-wine-tastings\/","url_meta":{"origin":18430,"position":1},"title":"My Sherry Experiences","author":"Shawn","date":"June 20, 2017","format":false,"excerpt":"Outside of Andaluc\u00eda (and sometimes here too!), Sherry is quite possibly the most misunderstood wine in the world. For many the name is likely to conjure up a memory of a sweet dark liquid that granny used to produce from the back of a cupboard at Christmas time. But nothing\u2026","rel":"","context":"Similar post","block_context":{"text":"Similar post","link":""},"img":{"alt_text":"intro to sherry (1)","src":"https:\/\/i0.wp.com\/azahar-sevilla.com\/sevilletapas\/wp-content\/uploads\/2013\/08\/intro-to-sherry-1-300x271.jpg?resize=350%2C200","width":350,"height":200},"classes":[]}],"jetpack_likes_enabled":true,"_links":{"self":[{"href":"https:\/\/azahar-sevilla.com\/sevilletapas\/wp-json\/wp\/v2\/pages\/18430","targetHints":{"allow":["GET"]}}],"collection":[{"href":"https:\/\/azahar-sevilla.com\/sevilletapas\/wp-json\/wp\/v2\/pages"}],"about":[{"href":"https:\/\/azahar-sevilla.com\/sevilletapas\/wp-json\/wp\/v2\/types\/page"}],"author":[{"embeddable":true,"href":"https:\/\/azahar-sevilla.com\/sevilletapas\/wp-json\/wp\/v2\/users\/1"}],"replies":[{"embeddable":true,"href":"https:\/\/azahar-sevilla.com\/sevilletapas\/wp-json\/wp\/v2\/comments?post=18430"}],"version-history":[{"count":6,"href":"https:\/\/azahar-sevilla.com\/sevilletapas\/wp-json\/wp\/v2\/pages\/18430\/revisions"}],"predecessor-version":[{"id":22194,"href":"https:\/\/azahar-sevilla.com\/sevilletapas\/wp-json\/wp\/v2\/pages\/18430\/revisions\/22194"}],"up":[{"embeddable":true,"href":"https:\/\/azahar-sevilla.com\/sevilletapas\/wp-json\/wp\/v2\/pages\/35692"}],"wp:attachment":[{"href":"https:\/\/azahar-sevilla.com\/sevilletapas\/wp-json\/wp\/v2\/media?parent=18430"}],"curies":[{"name":"wp","href":"https:\/\/api.w.org\/{rel}","templated":true}]}}